{"id":183,"date":"2018-05-24T23:37:50","date_gmt":"2018-05-24T21:37:50","guid":{"rendered":"https:\/\/www.bollie.de\/blog\/?page_id=183"},"modified":"2018-05-24T23:37:57","modified_gmt":"2018-05-24T21:37:57","slug":"impressum","status":"publish","type":"page","link":"https:\/\/www.bollie.de\/blog\/impressum\/","title":{"rendered":"Impressum"},"content":{"rendered":"<p>Thomas Ebeling<br \/>\nHuttenstr. 40<br \/>\n10553 Berlin<\/p>\n<p>E-Mail: blog (at) ca9.eu<\/p>\n<p><strong>Haftungsausschluss<\/strong><\/p>\n<p>Die redaktionelle Verantwortung f\u00fcr den Inhalt der Internetseiten, auf die per Hyperlink verwiesen wird (einschlie\u00dflich der dort verankerten Links zu Dritten), tr\u00e4gt in jeder Hinsicht der jeweilige Anbieter allein. Ich bin f\u00fcr den Inhalt dieser Seiten nicht verantwortlich.<\/p>\n","protected":false},"excerpt":{"rendered":"<p>Thomas Ebeling Huttenstr. 40 10553 Berlin E-Mail: blog (at) ca9.eu Haftungsausschluss Die redaktionelle Verantwortung f\u00fcr den Inhalt der Internetseiten, auf die per Hyperlink verwiesen wird (einschlie\u00dflich der dort verankerten Links zu Dritten), tr\u00e4gt in jeder Hinsicht der jeweilige Anbieter allein. Ich bin f\u00fcr den Inhalt dieser Seiten nicht verantwortlich.<\/p>\n","protected":false},"author":1,"featured_media":0,"parent":0,"menu_order":99,"comment_status":"closed","ping_status":"closed","template":"","meta":{"footnotes":""},"_links":{"self":[{"href":"https:\/\/www.bollie.de\/blog\/wp-json\/wp\/v2\/pages\/183"}],"collection":[{"href":"https:\/\/www.bollie.de\/blog\/wp-json\/wp\/v2\/pages"}],"about":[{"href":"https:\/\/www.bollie.de\/blog\/wp-json\/wp\/v2\/types\/page"}],"author":[{"embeddable":true,"href":"https:\/\/www.bollie.de\/blog\/wp-json\/wp\/v2\/users\/1"}],"replies":[{"embeddable":true,"href":"https:\/\/www.bollie.de\/blog\/wp-json\/wp\/v2\/comments?post=183"}],"version-history":[{"count":1,"href":"https:\/\/www.bollie.de\/blog\/wp-json\/wp\/v2\/pages\/183\/revisions"}],"predecessor-version":[{"id":184,"href":"https:\/\/www.bollie.de\/blog\/wp-json\/wp\/v2\/pages\/183\/revisions\/184"}],"wp:attachment":[{"href":"https:\/\/www.bollie.de\/blog\/wp-json\/wp\/v2\/media?parent=183"}],"curies":[{"name":"wp","href":"https:\/\/api.w.org\/{rel}","templated":true}]}}